{"id":1501,"date":"2025-01-04T23:50:27","date_gmt":"2025-01-04T23:50:27","guid":{"rendered":"https:\/\/www.servigrupnorte.es\/?page_id=1501"},"modified":"2025-03-19T11:14:37","modified_gmt":"2025-03-19T11:14:37","slug":"contacto","status":"publish","type":"page","link":"https:\/\/servigrupnorte.es\/index.php\/contacto\/","title":{"rendered":"Contacto"},"content":{"rendered":"\t\t<div data-elementor-type=\"wp-page\" data-elementor-id=\"1501\" class=\"elementor elementor-1501\">\n\t\t\t\t<div class=\"elementor-element elementor-element-4a3b8ce e-flex e-con-boxed e-con e-parent\" data-id=\"4a3b8ce\" data-element_type=\"container\">\n\t\t\t\t\t<div class=\"e-con-inner\">\n\t\t\t\t<div class=\"elementor-element elementor-element-59fcdeb elementor-widget elementor-widget-wpforms\" data-id=\"59fcdeb\" data-element_type=\"widget\" data-widget_type=\"wpforms.default\">\n\t\t\t\t<div class=\"elementor-widget-container\">\n\t\t\t\t\t<div class=\"wpforms-container wpforms-container-full wpforms-render-modern\" id=\"wpforms-2188\"><form id=\"wpforms-form-2188\" class=\"wpforms-validate wpforms-form wpforms-ajax-form\" data-formid=\"2188\" method=\"post\" enctype=\"multipart\/form-data\" action=\"\/index.php\/wp-json\/wp\/v2\/pages\/1501\" data-token=\"0203eafaa7747b674f6b5cda188346f5\" data-token-time=\"1778161413\"><noscript class=\"wpforms-error-noscript\">Por favor, activa JavaScript en tu navegador para completar este formulario.<\/noscript><div class=\"wpforms-hidden\" id=\"wpforms-error-noscript\">Por favor, activa JavaScript en tu navegador para completar este formulario.<\/div><div class=\"wpforms-field-container\">\t\t<div id=\"wpforms-2188-field_3-container\"\n\t\t\tclass=\"wpforms-field wpforms-field-text\"\n\t\t\tdata-field-type=\"text\"\n\t\t\tdata-field-id=\"3\"\n\t\t\t>\n\t\t\t<label class=\"wpforms-field-label\" for=\"wpforms-2188-field_3\" >completo Nombre electr\u00f3nico<\/label>\n\t\t\t<input type=\"text\" id=\"wpforms-2188-field_3\" class=\"wpforms-field-medium\" name=\"wpforms[fields][3]\" >\n\t\t<\/div>\n\t\t<div id=\"wpforms-2188-field_1-container\" class=\"wpforms-field wpforms-field-name\" data-field-id=\"1\"><fieldset><legend class=\"wpforms-field-label\">Nombre completo <span class=\"wpforms-required-label\" aria-hidden=\"true\">*<\/span><\/legend><div class=\"wpforms-field-row wpforms-field-medium\"><div class=\"wpforms-field-row-block wpforms-first wpforms-one-half\"><input type=\"text\" id=\"wpforms-2188-field_1\" class=\"wpforms-field-name-first wpforms-field-required\" name=\"wpforms[fields][1][first]\" aria-errormessage=\"wpforms-2188-field_1-error\" required><label for=\"wpforms-2188-field_1\" class=\"wpforms-field-sublabel after\">Nombre<\/label><\/div><div class=\"wpforms-field-row-block wpforms-one-half\"><input type=\"text\" id=\"wpforms-2188-field_1-last\" class=\"wpforms-field-name-last wpforms-field-required\" name=\"wpforms[fields][1][last]\" aria-errormessage=\"wpforms-2188-field_1-last-error\" required><label for=\"wpforms-2188-field_1-last\" class=\"wpforms-field-sublabel after\">Apellidos<\/label><\/div><\/div><\/fieldset><\/div><div id=\"wpforms-2188-field_2-container\" class=\"wpforms-field wpforms-field-email\" data-field-id=\"2\"><label class=\"wpforms-field-label\" for=\"wpforms-2188-field_2\">Correo electr\u00f3nico <span class=\"wpforms-required-label\" aria-hidden=\"true\">*<\/span><\/label><input type=\"email\" id=\"wpforms-2188-field_2\" class=\"wpforms-field-medium wpforms-field-required\" name=\"wpforms[fields][2]\" spellcheck=\"false\" aria-errormessage=\"wpforms-2188-field_2-error\" required><\/div><div id=\"wpforms-2188-field_4-container\" class=\"wpforms-field wpforms-field-textarea\" data-field-id=\"4\"><label class=\"wpforms-field-label\" for=\"wpforms-2188-field_4\">Descripci\u00f3n del proyecto <span class=\"wpforms-required-label\" aria-hidden=\"true\">*<\/span><\/label><textarea id=\"wpforms-2188-field_4\" class=\"wpforms-field-medium wpforms-field-required\" name=\"wpforms[fields][4]\" aria-errormessage=\"wpforms-2188-field_4-error\" required><\/textarea><\/div><script>\n\t\t\t\t( function() {\n\t\t\t\t\tconst style = document.createElement( 'style' );\n\t\t\t\t\tstyle.appendChild( document.createTextNode( '#wpforms-2188-field_3-container { position: absolute !important; overflow: hidden !important; display: inline !important; height: 1px !important; width: 1px !important; z-index: -1000 !important; padding: 0 !important; } #wpforms-2188-field_3-container input { visibility: hidden; } #wpforms-conversational-form-page #wpforms-2188-field_3-container label { counter-increment: none; }' ) );\n\t\t\t\t\tdocument.head.appendChild( style );\n\t\t\t\t\tdocument.currentScript?.remove();\n\t\t\t\t} )();\n\t\t\t<\/script><\/div><!-- .wpforms-field-container --><div class=\"wpforms-recaptcha-container wpforms-is-recaptcha wpforms-is-recaptcha-type-v2\" ><div class=\"g-recaptcha\" data-sitekey=\"6LdTofMqAAAAAMoc-HJEt_M88gH9S5DzvDy_C1JK\"><\/div><input type=\"text\" name=\"g-recaptcha-hidden\" class=\"wpforms-recaptcha-hidden\" style=\"position:absolute!important;clip:rect(0,0,0,0)!important;height:1px!important;width:1px!important;border:0!important;overflow:hidden!important;padding:0!important;margin:0!important;\" data-rule-recaptcha=\"1\"><\/div><div class=\"wpforms-submit-container\" ><input type=\"hidden\" name=\"wpforms[id]\" value=\"2188\"><input type=\"hidden\" name=\"page_title\" value=\"\"><input type=\"hidden\" name=\"page_url\" value=\"https:\/\/servigrupnorte.es\/index.php\/wp-json\/wp\/v2\/pages\/1501\"><input type=\"hidden\" name=\"url_referer\" value=\"\"><button type=\"submit\" name=\"wpforms[submit]\" id=\"wpforms-submit-2188\" class=\"wpforms-submit\" data-alt-text=\"Enviando...\" data-submit-text=\"Enviar\" aria-live=\"assertive\" value=\"wpforms-submit\">Enviar<\/button><img decoding=\"async\" src=\"https:\/\/servigrupnorte.es\/wp-content\/plugins\/wpforms-lite\/assets\/images\/submit-spin.svg\" class=\"wpforms-submit-spinner\" style=\"display: none;\" width=\"26\" height=\"26\" alt=\"Cargando\"><\/div><\/form><\/div>  <!-- .wpforms-container -->\t\t\t\t<\/div>\n\t\t\t\t<\/div>\n\t\t\t\t\t<\/div>\n\t\t\t\t<\/div>\n\t\t<div class=\"elementor-element elementor-element-bc98991 e-flex e-con-boxed e-con e-parent\" data-id=\"bc98991\" data-element_type=\"container\">\n\t\t\t\t\t<div class=\"e-con-inner\">\n\t\t\t\t<div class=\"elementor-element elementor-element-185be6a0 elementor-widget elementor-widget-text-editor\" data-id=\"185be6a0\" data-element_type=\"widget\" data-widget_type=\"text-editor.default\">\n\t\t\t\t<div class=\"elementor-widget-container\">\n\t\t\t\t\t\t\t\t\t<p><span style=\"color: #000000;\"><strong>Ubicaci\u00f3n<\/strong><\/span><\/p>\n<div class=\"wp-block-group\">\n<p><span style=\"color: #000000;\"><!-- \/wp:paragraph --><!-- wp:html --><\/span><\/p>\n<p style=\"text-align: justify;\"><span style=\"color: #000000;\">C. Tejada, 4, Bajo, 26005 Logro\u00f1o, La Rioja<\/span><\/p>\n<p><span style=\"color: #000000;\"><!-- \/wp:html --><\/span><\/p>\n<\/div>\n<p><span style=\"color: #000000;\"><!-- \/wp:group --><!-- wp:paragraph --><\/span><\/p>\n<p><span style=\"color: #000000;\"><strong>Horario<\/strong><\/span><\/p>\n<p><span style=\"color: #000000;\"><!-- \/wp:paragraph --><!-- wp:html --><\/span><\/p>\n<div><span style=\"color: #000000;\">Lunes a Viernes de 7:30 a 15:30<\/span><\/div>\n<div><span style=\"color: #000000;\">Horario de Oficina 9:00 a 15:00<\/span><\/div>\n<p><span style=\"color: #000000;\"><!-- \/wp:html --><!-- wp:paragraph --><\/span><\/p>\n<p><span style=\"color: #000000;\"><strong>Tel\u00e9fonos<\/strong><\/span><\/p>\n<p><span style=\"color: #000000;\"><!-- \/wp:paragraph --><!-- wp:html --><\/span><\/p>\n<div class=\"fila\">\n<div><span style=\"color: #000000;\">941 89 95 74<\/span><\/div>\n<div><span style=\"color: #000000;\">640 89 90 89<\/span><\/div>\n<\/div>\n<div class=\"wp-block-buttons\">\n<p><!-- \/wp:button --><!-- wp:button --><\/p>\n<p><!-- \/wp:button --><!-- wp:button --><\/p>\n<p><!-- \/wp:button --><!-- wp:button --><\/p>\n<p><!-- \/wp:button --><!-- wp:button --><\/p>\n<div class=\"wp-block-button\">\u00a0<\/div>\n<p><!-- \/wp:button --><\/p>\n<\/div>\n<p><!-- \/wp:buttons --><!-- wp:buttons --><\/p>\n<div class=\"wp-block-buttons\">\n<p><!-- wp:button --><\/p>\n<div class=\"wp-block-button\">\u00a0<\/div>\n<p><!-- \/wp:button --><\/p>\n<\/div>\n<p><!-- \/wp:buttons --><!-- wp:paragraph --><\/p>\n<p><!-- \/wp:paragraph --><!-- wp:html --><\/p>\n<p><iframe style=\"border: 0;\" src=\"https:\/\/www.google.com\/maps\/embed?pb=!1m18!1m12!1m3!1d875.0016841138334!2d-2.461371887660558!3d42.46724472376687!2m3!1f0!2f0!3f0!3m2!1i1024!2i768!4f13.1!3m3!1m2!1s0xd4554b70a9b49b3%3A0x8d6578584fbb33aa!2sServigrup%20Norte%20(SGN)!5e0!3m2!1ses!2ses!4v1736044352059!5m2!1ses!2ses\" width=\"600\" height=\"450\" allowfullscreen=\"allowfullscreen\"><\/iframe><\/p>\n<p><!-- \/wp:html --><!-- wp:columns --><\/p>\n<div class=\"wp-block-columns\">\n<p><!-- wp:column {\"width\":\"100%\"} --><\/p>\n<div class=\"wp-block-column\" style=\"flex-basis: 100%;\">\u00a0<\/div>\n<p><!-- \/wp:column --><\/p>\n<\/div>\n<p><!-- \/wp:columns --><!-- wp:paragraph --><\/p>\n<p><!-- \/wp:paragraph --><\/p>\t\t\t\t\t\t\t\t<\/div>\n\t\t\t\t<\/div>\n\t\t\t\t\t<\/div>\n\t\t\t\t<\/div>\n\t\t\t\t<\/div>\n\t\t","protected":false},"excerpt":{"rendered":"<p>Por favor, activa JavaScript en tu navegador para completar este formulario.Por favor, activa JavaScript en tu navegador para completar este formulario. Nombre completo * NombreApellidos Correo electr\u00f3nico *Descripci\u00f3n del proyecto * Enviar Ubicaci\u00f3n C. Tejada, 4, Bajo, 26005 Logro\u00f1o, La Rioja Horario Lunes a Viernes de 7:30 a 15:30 Horario de Oficina 9:00 a 15:00 [&hellip;]<\/p>\n","protected":false},"author":1,"featured_media":0,"parent":0,"menu_order":0,"comment_status":"closed","ping_status":"closed","template":"","meta":{"footnotes":""},"class_list":["post-1501","page","type-page","status-publish","hentry"],"_links":{"self":[{"href":"https:\/\/servigrupnorte.es\/index.php\/wp-json\/wp\/v2\/pages\/1501","targetHints":{"allow":["GET"]}}],"collection":[{"href":"https:\/\/servigrupnorte.es\/index.php\/wp-json\/wp\/v2\/pages"}],"about":[{"href":"https:\/\/servigrupnorte.es\/index.php\/wp-json\/wp\/v2\/types\/page"}],"author":[{"embeddable":true,"href":"https:\/\/servigrupnorte.es\/index.php\/wp-json\/wp\/v2\/users\/1"}],"replies":[{"embeddable":true,"href":"https:\/\/servigrupnorte.es\/index.php\/wp-json\/wp\/v2\/comments?post=1501"}],"version-history":[{"count":70,"href":"https:\/\/servigrupnorte.es\/index.php\/wp-json\/wp\/v2\/pages\/1501\/revisions"}],"predecessor-version":[{"id":2218,"href":"https:\/\/servigrupnorte.es\/index.php\/wp-json\/wp\/v2\/pages\/1501\/revisions\/2218"}],"wp:attachment":[{"href":"https:\/\/servigrupnorte.es\/index.php\/wp-json\/wp\/v2\/media?parent=1501"}],"curies":[{"name":"wp","href":"https:\/\/api.w.org\/{rel}","templated":true}]}}